{"id":82,"date":"2023-11-30T15:47:01","date_gmt":"2023-11-30T13:47:01","guid":{"rendered":"https:\/\/ints.ro\/site\/?page_id=82"},"modified":"2025-07-09T09:14:17","modified_gmt":"2025-07-09T07:14:17","slug":"strategia-nationala-anticoruptie","status":"publish","type":"page","link":"https:\/\/www.ints.ro\/site\/strategia-nationala-anticoruptie\/","title":{"rendered":"Strategia Na\u021bional\u0103 Anticorup\u021bie"},"content":{"rendered":"\n<figure class=\"wp-block-gallery has-nested-images columns-default is-cropped wp-block-gallery-1 is-layout-flex wp-block-gallery-is-layout-flex\">\n<figure class=\"wp-block-image size-large\"><img loading=\"lazy\" decoding=\"async\" width=\"523\" height=\"523\" data-id=\"83\" src=\"https:\/\/ints.ro\/site\/wp-content\/uploads\/2023\/11\/coruptie_3.png\" alt=\"\" class=\"wp-image-83\" srcset=\"https:\/\/www.ints.ro\/site\/wp-content\/uploads\/2023\/11\/coruptie_3.png 523w, https:\/\/www.ints.ro\/site\/wp-content\/uploads\/2023\/11\/coruptie_3-300x300.png 300w, https:\/\/www.ints.ro\/site\/wp-content\/uploads\/2023\/11\/coruptie_3-150x150.png 150w\" sizes=\"auto, (max-width: 523px) 100vw, 523px\" \/><\/figure>\n<\/figure>\n\n\n\n<ol class=\"wp-block-list\">\n<li>Hot\u0103r\u00e2rea nr. 599\/2018 pentru aprobarea Metodologiei standard de evaluare a riscurilor de corup\u0163ie \u00een cadrul autorit\u0103\u0163ilor \u015fi institu\u0163iilor publice centrale, \u00eempreun\u0103 cu indicatorii de estimare a probabilit\u0103\u0163ii de materializare a riscurilor de corup\u0163ie, cu indicatorii de estimare a impactului \u00een situa\u0163ia materializ\u0103rii riscurilor de corup\u0163ie \u015fi formatul registrului riscurilor de corup\u0163ie, precum \u015fi pentru aprobarea Metodologiei de evaluare a incidentelor de integritate \u00een cadrul autorit\u0103\u0163ilor \u015fi institu\u0163iilor publice centrale, \u00eempreun\u0103 cu formatul raportului anual de evaluare a incidentelor de integritate.&nbsp;<a href=\"https:\/\/www.ints.ro\/wp-content\/uploads\/2023\/01\/HG-599-2018.pdf\">Format pdf<\/a><\/li>\n\n\n\n<li>Hot\u0103r\u00e2rea nr. 1269\/2021 privind aprobarea Strategiei na\u0163ionale anticorup\u0163ie 2021-2025 \u015fi a documentelor aferente acesteia.&nbsp;<a href=\"https:\/\/www.ints.ro\/wp-content\/uploads\/2023\/01\/HG-1269-2021.pdf\">Format pdf<\/a><\/li>\n\n\n\n<li>Plan integritate conform SNA.\u00a0<a href=\"https:\/\/www.ints.ro\/site\/wp-content\/uploads\/2025\/07\/plan-de-integritate-SNA.pdf\">Format <\/a><a href=\"https:\/\/www.ints.ro\/site\/wp-content\/uploads\/2024\/02\/11.-2023-Plan-de-integritate.pdf\">pdf<\/a><\/li>\n\n\n\n<li>Declara\u021bie Asumare Agend\u0103 Integritate Organiza\u021bional\u0103.&nbsp;<a href=\"https:\/\/www.ints.ro\/wp-content\/uploads\/2023\/01\/Declaratie-Asumare-Agenda-Integritate-Organizationala.pdf\">Format pdf<\/a><\/li>\n\n\n\n<li>Anexa nr. 6 la Metodologia de evaluare a incidentelor de integritate \u00een cadrul autorit\u0103\u021bilor \u0219i institu\u021biilor publice centrale&nbsp;<a href=\"https:\/\/www.ints.ro\/wp-content\/uploads\/2023\/03\/Raport-incidente-Anexa-6-la-HG-599-2018.pdf\">Format pdf<\/a><\/li>\n\n\n\n<li><a href=\"https:\/\/www.ints.ro\/wp-content\/uploads\/2023\/01\/Raport%20transparenta%20decizionala-2022.pdf\">Raport transparenta decizionala-2022.pdf<\/a><\/li>\n\n\n\n<li><a href=\"https:\/\/www.ints.ro\/site\/wp-content\/uploads\/2025\/07\/lista-bunuri-primite-cu-titlu-gratuit-2024.pdf\">2024.Lista bunuri primite cu titlu gratuit<\/a><\/li>\n\n\n\n<li><a href=\"https:\/\/www.ints.ro\/site\/wp-content\/uploads\/2025\/07\/anexa-6-metodologia-de-evaluare-a-incidentelor-de-integritate-2024.pdf\">Anexa 6- Evaluare incidente integritate-2024<\/a><\/li>\n\n\n\n<li><a href=\"https:\/\/www.ints.ro\/wp-content\/uploads\/2023\/01\/Anexa_3-2022.pdf\">Anexa 3-2022.pdf<\/a><\/li>\n\n\n\n<li><a href=\"https:\/\/www.ints.ro\/site\/wp-content\/uploads\/2025\/07\/declaratia-privind-asumarea-agendei-de-integritate-2025.pdf\">2025-Declaratie asumare agenda integritate<\/a><\/li>\n\n\n\n<li><a href=\"https:\/\/www.ints.ro\/site\/wp-content\/uploads\/2025\/07\/inventarul-masurilor-prevedentive-si-indicatori-de-evaluare.pdf\">2025 &#8211;  Inventar masuri prevenire si indicatori de evaluare<\/a><\/li>\n<\/ol>\n\n\n\n<p><\/p>\n","protected":false},"excerpt":{"rendered":"","protected":false},"author":1,"featured_media":0,"parent":0,"menu_order":0,"comment_status":"closed","ping_status":"closed","template":"","meta":{"footnotes":""},"class_list":["post-82","page","type-page","status-publish","hentry"],"_links":{"self":[{"href":"https:\/\/www.ints.ro\/site\/wp-json\/wp\/v2\/pages\/82","targetHints":{"allow":["GET"]}}],"collection":[{"href":"https:\/\/www.ints.ro\/site\/wp-json\/wp\/v2\/pages"}],"about":[{"href":"https:\/\/www.ints.ro\/site\/wp-json\/wp\/v2\/types\/page"}],"author":[{"embeddable":true,"href":"https:\/\/www.ints.ro\/site\/wp-json\/wp\/v2\/users\/1"}],"replies":[{"embeddable":true,"href":"https:\/\/www.ints.ro\/site\/wp-json\/wp\/v2\/comments?post=82"}],"version-history":[{"count":3,"href":"https:\/\/www.ints.ro\/site\/wp-json\/wp\/v2\/pages\/82\/revisions"}],"predecessor-version":[{"id":512,"href":"https:\/\/www.ints.ro\/site\/wp-json\/wp\/v2\/pages\/82\/revisions\/512"}],"wp:attachment":[{"href":"https:\/\/www.ints.ro\/site\/wp-json\/wp\/v2\/media?parent=82"}],"curies":[{"name":"wp","href":"https:\/\/api.w.org\/{rel}","templated":true}]}}