{"id":710,"date":"2026-04-30T13:42:24","date_gmt":"2026-04-30T11:42:24","guid":{"rendered":"https:\/\/www.ints.ro\/site\/?page_id=710"},"modified":"2026-04-30T13:42:26","modified_gmt":"2026-04-30T11:42:26","slug":"anunt-rezultat-proba-interviu-2","status":"publish","type":"page","link":"https:\/\/www.ints.ro\/site\/anunt-rezultat-proba-interviu-2\/","title":{"rendered":"ANUN\u021a REZULTAT \u00a0PROB\u0102 INTERVIU"},"content":{"rendered":"\n<figure class=\"wp-block-image size-full\"><img loading=\"lazy\" decoding=\"async\" width=\"623\" height=\"126\" src=\"https:\/\/www.ints.ro\/site\/wp-content\/uploads\/2026\/02\/sigla1.jpg\" alt=\"\" class=\"wp-image-621\" srcset=\"https:\/\/www.ints.ro\/site\/wp-content\/uploads\/2026\/02\/sigla1.jpg 623w, https:\/\/www.ints.ro\/site\/wp-content\/uploads\/2026\/02\/sigla1-300x61.jpg 300w\" sizes=\"auto, (max-width: 623px) 100vw, 623px\" \/><\/figure>\n\n\n\n<p><strong>PROGRAMUL S\u0102N\u0102TATE<\/strong><\/p>\n\n\n\n<p><strong>Obiectivul de politic\u0103 4:<\/strong> O Europ\u0103 mai social\u0103 \u0219i incluziv\u0103 prin implementarea Pilonului european al drepturilor sociale<\/p>\n\n\n\n<p><strong>Prioritatea 3<\/strong><strong>:<\/strong> Cre\u0219terea eficacit\u0103\u021bii \u0219i rezilien\u021bei sistemului medical \u00een domenii critice, de important\u0103 strategic\u0103 cu impact transversal asupra serviciilor medicale \u0219i asupra st\u0103rii de s\u0103n\u0103tate<\/p>\n\n\n\n<p><strong>Obiectiv specific:<\/strong> ESO4.11.<\/p>\n\n\n\n<p>Proiect: FORUM CTS \u2013 Formare opera\u021bional\u0103 pentru Resursa Uman\u0103 Medical\u0103 din Centrele de Transfuzie Sanguin\u0103<\/p>\n\n\n\n<p>Cod SMIS: 352535<strong><\/strong><\/p>\n\n\n\n<p><strong>ANUN\u021a REZULTAT &nbsp;PROB\u0102 INTERVIU<\/strong><\/p>\n\n\n\n<figure class=\"wp-block-table\"><table class=\"has-fixed-layout\"><tbody><tr><td class=\"has-text-align-center\" data-align=\"center\" rowspan=\"2\"><strong>Nr crt<\/strong><\/td><td class=\"has-text-align-center\" data-align=\"center\"><strong>CANDIDAT<\/strong><\/td><td rowspan=\"2\"><strong>POST \u00a0 (denumire)<\/strong><\/td><td class=\"has-text-align-center\" data-align=\"center\" colspan=\"2\"><strong>PUNCTAJ<\/strong><\/td><\/tr><tr><td class=\"has-text-align-center\" data-align=\"center\"><strong>Nr.\u00eenregistrare dosar<\/strong><\/td><td class=\"has-text-align-center\" data-align=\"center\"><strong>Prob\u0103 interviu<\/strong><\/td><td><strong>ADMIS \/ RESPINS<\/strong><\/td><\/tr><tr><td class=\"has-text-align-center\" data-align=\"center\">8<\/td><td class=\"has-text-align-center\" data-align=\"center\">727\/21.04.2026<\/td><td>SO_ Expert Responsabil formare zona de Vest<\/td><td class=\"has-text-align-center\" data-align=\"center\">94,66<\/td><td>ADMIS<\/td><\/tr><\/tbody><\/table><\/figure>\n\n\n\n<p class=\"has-text-align-center\"><strong>SECRETAR COMISIE DE CONCURS<\/strong><\/p>\n\n\n\n<p>Documentul oficial \u00een format PDF este disponibil <a href=\"https:\/\/www.ints.ro\/site\/wp-content\/uploads\/2026\/04\/0487_260430114135_001.pdf\">spre desc\u0103rcare aici.<\/a><\/p>\n\n\n\n<p><\/p>\n","protected":false},"excerpt":{"rendered":"<p>PROGRAMUL S\u0102N\u0102TATE Obiectivul de politic\u0103 4: O Europ\u0103 mai social\u0103 \u0219i incluziv\u0103 prin implementarea Pilonului european al drepturilor sociale Prioritatea 3: Cre\u0219terea eficacit\u0103\u021bii \u0219i rezilien\u021bei sistemului medical \u00een domenii critice,&hellip; <\/p>\n","protected":false},"author":1,"featured_media":621,"parent":0,"menu_order":0,"comment_status":"closed","ping_status":"closed","template":"","meta":{"footnotes":""},"class_list":["post-710","page","type-page","status-publish","has-post-thumbnail","hentry"],"_links":{"self":[{"href":"https:\/\/www.ints.ro\/site\/wp-json\/wp\/v2\/pages\/710","targetHints":{"allow":["GET"]}}],"collection":[{"href":"https:\/\/www.ints.ro\/site\/wp-json\/wp\/v2\/pages"}],"about":[{"href":"https:\/\/www.ints.ro\/site\/wp-json\/wp\/v2\/types\/page"}],"author":[{"embeddable":true,"href":"https:\/\/www.ints.ro\/site\/wp-json\/wp\/v2\/users\/1"}],"replies":[{"embeddable":true,"href":"https:\/\/www.ints.ro\/site\/wp-json\/wp\/v2\/comments?post=710"}],"version-history":[{"count":1,"href":"https:\/\/www.ints.ro\/site\/wp-json\/wp\/v2\/pages\/710\/revisions"}],"predecessor-version":[{"id":712,"href":"https:\/\/www.ints.ro\/site\/wp-json\/wp\/v2\/pages\/710\/revisions\/712"}],"wp:featuredmedia":[{"embeddable":true,"href":"https:\/\/www.ints.ro\/site\/wp-json\/wp\/v2\/media\/621"}],"wp:attachment":[{"href":"https:\/\/www.ints.ro\/site\/wp-json\/wp\/v2\/media?parent=710"}],"curies":[{"name":"wp","href":"https:\/\/api.w.org\/{rel}","templated":true}]}}