{"id":705,"date":"2026-04-24T12:04:58","date_gmt":"2026-04-24T10:04:58","guid":{"rendered":"https:\/\/www.ints.ro\/site\/?page_id=705"},"modified":"2026-04-24T12:05:00","modified_gmt":"2026-04-24T10:05:00","slug":"anunt-rezultat-verificare-eligibilitate","status":"publish","type":"page","link":"https:\/\/www.ints.ro\/site\/anunt-rezultat-verificare-eligibilitate\/","title":{"rendered":"ANUN\u021a REZULTAT \u00a0VERIFICARE\u00a0 ELIGIBILITATE"},"content":{"rendered":"<div class=\"wp-block-image\">\n<figure class=\"aligncenter size-full\"><img loading=\"lazy\" decoding=\"async\" width=\"623\" height=\"126\" src=\"https:\/\/www.ints.ro\/site\/wp-content\/uploads\/2026\/02\/sigla1.jpg\" alt=\"\" class=\"wp-image-621\" srcset=\"https:\/\/www.ints.ro\/site\/wp-content\/uploads\/2026\/02\/sigla1.jpg 623w, https:\/\/www.ints.ro\/site\/wp-content\/uploads\/2026\/02\/sigla1-300x61.jpg 300w\" sizes=\"auto, (max-width: 623px) 100vw, 623px\" \/><\/figure>\n<\/div>\n\n\n<p class=\"has-text-align-center\"><strong>PROGRAMUL S\u0102N\u0102TATE<\/strong><\/p>\n\n\n\n<p><strong>Obiectivul de politic\u0103 4:<\/strong> O Europ\u0103 mai social\u0103 \u0219i incluziv\u0103 prin implementarea Pilonului european al drepturilor sociale<\/p>\n\n\n\n<p><strong>Prioritatea 3<\/strong><strong>:<\/strong> Cre\u0219terea eficacit\u0103\u021bii \u0219i rezilien\u021bei sistemului medical \u00een domenii critice, de important\u0103 strategic\u0103 cu impact transversal asupra serviciilor medicale \u0219i asupra st\u0103rii de s\u0103n\u0103tate<\/p>\n\n\n\n<p><strong>Obiectiv specific:<\/strong>  ESO4.11.<\/p>\n\n\n\n<p><strong>Proiect:<\/strong>  FORUM CTS \u2013 Formare opera\u021bional\u0103 pentru Resursa Uman\u0103 Medical\u0103 din Centrele de Transfuzie Sanguin\u0103<\/p>\n\n\n\n<p><strong>Cod SMIS: <\/strong>352535<\/p>\n\n\n\n<p class=\"has-text-align-center\"><strong>ANUN\u021a REZULTAT &nbsp;VERIFICARE&nbsp; ELIGIBILITATE&nbsp; \u0218I EVALUARE A&nbsp; DOSARELOR CANDIDA\u021aILOR<\/strong><\/p>\n\n\n\n<figure class=\"wp-block-table aligncenter\"><table class=\"has-fixed-layout\"><tbody><tr><td class=\"has-text-align-center\" data-align=\"center\" rowspan=\"2\"><strong>Nr crt<\/strong><\/td><td class=\"has-text-align-center\" data-align=\"center\"><strong>CANDIDAT<\/strong><\/td><td class=\"has-text-align-center\" data-align=\"center\" rowspan=\"2\"><strong>POST \u00a0 (denumire)<\/strong><\/td><td class=\"has-text-align-center\" data-align=\"center\" colspan=\"2\"><strong>PUNCTAJ<\/strong><\/td><\/tr><tr><td class=\"has-text-align-center\" data-align=\"center\"><strong>Nr. \u00eenregistrare dosar<\/strong><\/td><td class=\"has-text-align-center\" data-align=\"center\"><strong>Evaluare dosar<\/strong><\/td><td class=\"has-text-align-center\" data-align=\"center\"><strong>ADMIS \/ RESPINS<\/strong><\/td><\/tr><tr><td class=\"has-text-align-center\" data-align=\"center\">1<\/td><td class=\"has-text-align-center\" data-align=\"center\">Niciun dosar depus<\/td><td class=\"has-text-align-center\" data-align=\"center\">SO_ Specialist suport formare zona de Sud<\/td><td class=\"has-text-align-center\" data-align=\"center\">&#8211;<\/td><td class=\"has-text-align-center\" data-align=\"center\">&#8211;<\/td><\/tr><tr><td class=\"has-text-align-center\" data-align=\"center\">2<\/td><td class=\"has-text-align-center\" data-align=\"center\">727\/21.04.2026<\/td><td class=\"has-text-align-center\" data-align=\"center\">SO_ Specialist suport formare zona de Vest<\/td><td class=\"has-text-align-center\" data-align=\"center\">97,66<\/td><td class=\"has-text-align-center\" data-align=\"center\">ADMIS<\/td><\/tr><\/tbody><\/table><\/figure>\n\n\n\n<p class=\"has-text-align-center\"><strong>SECRETAR COMISIE DE CONCURS<\/strong><\/p>\n\n\n\n<p>Documentul oficial \u00een format Adobe PDF poate fi desc\u0103rcat de <a href=\"https:\/\/www.ints.ro\/site\/wp-content\/uploads\/2026\/04\/rezultat-dosare.pdf\">aici<\/a>.<\/p>\n\n\n\n<p><\/p>\n","protected":false},"excerpt":{"rendered":"<p>PROGRAMUL S\u0102N\u0102TATE Obiectivul de politic\u0103 4: O Europ\u0103 mai social\u0103 \u0219i incluziv\u0103 prin implementarea Pilonului european al drepturilor sociale Prioritatea 3: Cre\u0219terea eficacit\u0103\u021bii \u0219i rezilien\u021bei sistemului medical \u00een domenii critice,&hellip; <\/p>\n","protected":false},"author":1,"featured_media":621,"parent":0,"menu_order":0,"comment_status":"closed","ping_status":"closed","template":"","meta":{"footnotes":""},"class_list":["post-705","page","type-page","status-publish","has-post-thumbnail","hentry"],"_links":{"self":[{"href":"https:\/\/www.ints.ro\/site\/wp-json\/wp\/v2\/pages\/705","targetHints":{"allow":["GET"]}}],"collection":[{"href":"https:\/\/www.ints.ro\/site\/wp-json\/wp\/v2\/pages"}],"about":[{"href":"https:\/\/www.ints.ro\/site\/wp-json\/wp\/v2\/types\/page"}],"author":[{"embeddable":true,"href":"https:\/\/www.ints.ro\/site\/wp-json\/wp\/v2\/users\/1"}],"replies":[{"embeddable":true,"href":"https:\/\/www.ints.ro\/site\/wp-json\/wp\/v2\/comments?post=705"}],"version-history":[{"count":1,"href":"https:\/\/www.ints.ro\/site\/wp-json\/wp\/v2\/pages\/705\/revisions"}],"predecessor-version":[{"id":708,"href":"https:\/\/www.ints.ro\/site\/wp-json\/wp\/v2\/pages\/705\/revisions\/708"}],"wp:featuredmedia":[{"embeddable":true,"href":"https:\/\/www.ints.ro\/site\/wp-json\/wp\/v2\/media\/621"}],"wp:attachment":[{"href":"https:\/\/www.ints.ro\/site\/wp-json\/wp\/v2\/media?parent=705"}],"curies":[{"name":"wp","href":"https:\/\/api.w.org\/{rel}","templated":true}]}}