{"id":672,"date":"2026-03-19T14:20:24","date_gmt":"2026-03-19T12:20:24","guid":{"rendered":"https:\/\/www.ints.ro\/site\/?page_id=672"},"modified":"2026-03-19T14:20:25","modified_gmt":"2026-03-19T12:20:25","slug":"anunt-rezultat-proba-interviu","status":"publish","type":"page","link":"https:\/\/www.ints.ro\/site\/anunt-rezultat-proba-interviu\/","title":{"rendered":"ANUN\u021a \u00a0REZULTAT \u00a0PROB\u0102 INTERVIU"},"content":{"rendered":"\n<figure class=\"wp-block-image size-full\"><img loading=\"lazy\" decoding=\"async\" width=\"623\" height=\"126\" src=\"https:\/\/www.ints.ro\/site\/wp-content\/uploads\/2026\/02\/sigla1.jpg\" alt=\"\" class=\"wp-image-621\" srcset=\"https:\/\/www.ints.ro\/site\/wp-content\/uploads\/2026\/02\/sigla1.jpg 623w, https:\/\/www.ints.ro\/site\/wp-content\/uploads\/2026\/02\/sigla1-300x61.jpg 300w\" sizes=\"auto, (max-width: 623px) 100vw, 623px\" \/><\/figure>\n\n\n\n<h3 class=\"wp-block-heading\">Fi\u0219ierul \u00een format Adobe PDF poate fi desc\u0103rcat de <a href=\"https:\/\/www.ints.ro\/site\/wp-content\/uploads\/2026\/03\/Anunt-Rez-Proba-interviu_19_03_2026.pdf\">aici<\/a>!<\/h3>\n\n\n\n<p><strong>PROGRAMUL S\u0102N\u0102TATE<\/strong><\/p>\n\n\n\n<p><strong>Obiectivul de politic\u0103 4:<\/strong> O Europ\u0103 mai social\u0103 \u0219i incluziv\u0103 prin implementarea Pilonului european al drepturilor sociale<\/p>\n\n\n\n<p><strong>Prioritatea 3<\/strong><strong>:<\/strong> Cre\u0219terea eficacit\u0103\u021bii \u0219i rezilien\u021bei sistemului medical \u00een domenii critice, de important\u0103 strategic\u0103 cu impact transversal asupra serviciilor medicale \u0219i asupra st\u0103rii de s\u0103n\u0103tate<\/p>\n\n\n\n<p><strong>Obiectiv specific:<\/strong> ESO4.11.<\/p>\n\n\n\n<p>Proiect: FORUM CTS \u2013 Formare opera\u021bional\u0103 pentru Resursa Uman\u0103 Medical\u0103 din Centrele de Transfuzie Sanguin\u0103<\/p>\n\n\n\n<p>Cod SMIS: 352535<strong><\/strong><\/p>\n\n\n\n<p><strong>ANUN\u021a &nbsp;REZULTAT &nbsp;PROB\u0102 INTERVIU<\/strong><\/p>\n\n\n\n<figure class=\"wp-block-table\"><table class=\"has-fixed-layout\"><tbody><tr><td rowspan=\"2\">Nr crt<\/td><td>CANDIDAT<\/td><td rowspan=\"2\">POST &nbsp; (denumire)<\/td><td colspan=\"2\">PUNCTAJ<\/td><\/tr><tr><td>Nr.\u00eenregistrare dosar<\/td><td>Prob\u0103 interviu<\/td><td>ADMIS \/ RESPINS<\/td><\/tr><tr><td>1<\/td><td>380\/04.03.2026\/<\/td><td>SO_Asistent manager<\/td><td>&nbsp; 96,33<\/td><td>ADMIS<\/td><\/tr><tr><td>2<\/td><td>410\/09.03.2026\/<\/td><td>SO_Responsabil financiar &nbsp;<\/td><td>94,00<\/td><td>ADMIS<\/td><\/tr><tr><td>3<\/td><td>393\/06.03.2026\/<\/td><td>SO_Responsabil achizi\u021bii &nbsp;<\/td><td>95,33<\/td><td>ADMIS<\/td><\/tr><tr><td>4<\/td><td>396\/06.03.2026\/<\/td><td>SO_Responsabil achizi\u021bii &nbsp;<\/td><td>ABSENT<\/td><td>ABSENT<\/td><\/tr><tr><td>5<\/td><td>429\/10.03.2026\/<\/td><td>SO_ Expert monitorizare \u0219i raportare tehnic\u0103 proiect<\/td><td>97,00<\/td><td>ADMIS<\/td><\/tr><tr><td>6<\/td><td>398\/06.03.2026\/<\/td><td>SO_ Expert validare \u0219i integrare date &nbsp;<\/td><td>95,66<\/td><td>ADMIS<\/td><\/tr><tr><td>7<\/td><td>447\/11.03.2026\/<\/td><td>SO_ Expert Responsabil formare zona de Est<\/td><td>96,33<\/td><td>ADMIS<\/td><\/tr><tr><td>8<\/td><td>434\/10.03.2026\/<\/td><td>SO_ Expert Responsabil formare zona de Centru<\/td><td>94,66<\/td><td>ADMIS<\/td><\/tr><tr><td>9<\/td><td>430\/10.03.2026\/<\/td><td>SO_ Specialist suport formare regiunea dezvoltata Bucuresti- Ilfov<\/td><td>93,33<\/td><td>ADMIS<\/td><\/tr><tr><td>10<\/td><td>360\/.02.03.2026\/<\/td><td>SO_ Specialist suport formare zona de Est<\/td><td>94,00 &nbsp;<\/td><td>ADMIS<\/td><\/tr><tr><td>11<\/td><td>440\/11.03.2026\/I<\/td><td>SO_ Specialist suport formare zona de Centru<\/td><td>94,33<\/td><td>ADMIS<\/td><\/tr><tr><td>12<\/td><td>432\/10.03.2026\/<\/td><td>SO_ Specialist suport formare zona de Sud &nbsp;<\/td><td>93,00<\/td><td>ADMIS<\/td><\/tr><tr><td>13<\/td><td>437\/11.03.2026\/<\/td><td>SO_ Specialist suport formare zona de Vest<\/td><td>97,00<\/td><td>ADMIS<\/td><\/tr><\/tbody><\/table><\/figure>\n\n\n\n<p><strong>SECRETAR COMISIE DE CONCURS<\/strong><\/p>\n","protected":false},"excerpt":{"rendered":"<p>Fi\u0219ierul \u00een format Adobe PDF poate fi desc\u0103rcat de aici! PROGRAMUL S\u0102N\u0102TATE Obiectivul de politic\u0103 4: O Europ\u0103 mai social\u0103 \u0219i incluziv\u0103 prin implementarea Pilonului european al drepturilor sociale Prioritatea&hellip; <\/p>\n","protected":false},"author":1,"featured_media":670,"parent":0,"menu_order":0,"comment_status":"closed","ping_status":"closed","template":"","meta":{"footnotes":""},"class_list":["post-672","page","type-page","status-publish","has-post-thumbnail","hentry"],"_links":{"self":[{"href":"https:\/\/www.ints.ro\/site\/wp-json\/wp\/v2\/pages\/672","targetHints":{"allow":["GET"]}}],"collection":[{"href":"https:\/\/www.ints.ro\/site\/wp-json\/wp\/v2\/pages"}],"about":[{"href":"https:\/\/www.ints.ro\/site\/wp-json\/wp\/v2\/types\/page"}],"author":[{"embeddable":true,"href":"https:\/\/www.ints.ro\/site\/wp-json\/wp\/v2\/users\/1"}],"replies":[{"embeddable":true,"href":"https:\/\/www.ints.ro\/site\/wp-json\/wp\/v2\/comments?post=672"}],"version-history":[{"count":1,"href":"https:\/\/www.ints.ro\/site\/wp-json\/wp\/v2\/pages\/672\/revisions"}],"predecessor-version":[{"id":675,"href":"https:\/\/www.ints.ro\/site\/wp-json\/wp\/v2\/pages\/672\/revisions\/675"}],"wp:featuredmedia":[{"embeddable":true,"href":"https:\/\/www.ints.ro\/site\/wp-json\/wp\/v2\/media\/670"}],"wp:attachment":[{"href":"https:\/\/www.ints.ro\/site\/wp-json\/wp\/v2\/media?parent=672"}],"curies":[{"name":"wp","href":"https:\/\/api.w.org\/{rel}","templated":true}]}}