{"id":665,"date":"2026-03-13T13:57:56","date_gmt":"2026-03-13T11:57:56","guid":{"rendered":"https:\/\/www.ints.ro\/site\/?page_id=665"},"modified":"2026-03-13T13:57:56","modified_gmt":"2026-03-13T11:57:56","slug":"rezultat-selectie","status":"publish","type":"page","link":"https:\/\/www.ints.ro\/site\/rezultat-selectie\/","title":{"rendered":"Rezultat selec\u021bie"},"content":{"rendered":"\n<figure class=\"wp-block-image size-full\"><img loading=\"lazy\" decoding=\"async\" width=\"623\" height=\"126\" src=\"https:\/\/www.ints.ro\/site\/wp-content\/uploads\/2026\/02\/sigla1.jpg\" alt=\"\" class=\"wp-image-621\" srcset=\"https:\/\/www.ints.ro\/site\/wp-content\/uploads\/2026\/02\/sigla1.jpg 623w, https:\/\/www.ints.ro\/site\/wp-content\/uploads\/2026\/02\/sigla1-300x61.jpg 300w\" sizes=\"auto, (max-width: 623px) 100vw, 623px\" \/><\/figure>\n\n\n\n<p><em><strong>Adresa oficial\u0103 \u00een format Adobe PDF se poate desc\u0103rca de <a href=\"https:\/\/www.ints.ro\/site\/wp-content\/uploads\/2026\/03\/Anunt-Rezultat-Selectie-Dosare-13.03.2026.pdf\">aici<\/a>.<\/strong><\/em><\/p>\n\n\n\n<p><strong>PROGRAMUL S\u0102N\u0102TATE<\/strong><\/p>\n\n\n\n<p><strong>Obiectivul de politic\u0103 4:<\/strong> <strong><em>O Europ\u0103 mai social\u0103 \u0219i incluziv\u0103 prin implementarea Pilonului european al drepturilor sociale<\/em><\/strong><\/p>\n\n\n\n<p><strong>Prioritatea 3:<\/strong> <em><strong>Cre\u0219terea eficacit\u0103\u021bii \u0219i rezilien\u021bei sistemului medical \u00een domenii critice, de important\u0103 strategic\u0103 cu impact transversal asupra serviciilor medicale \u0219i asupra st\u0103rii de s\u0103n\u0103tate<\/strong><\/em><\/p>\n\n\n\n<p><strong>Obiectiv specific:<\/strong> <strong><em>ESO4.11.<\/em><\/strong><\/p>\n\n\n\n<p class=\"has-text-align-center\"><strong>Proiect: FORUM CTS \u2013 Formare opera\u021bional\u0103 pentru Resursa Uman\u0103 Medical\u0103 din Centrele de Transfuzie Sanguin\u0103<\/strong><\/p>\n\n\n\n<p class=\"has-text-align-center\"><strong>Cod SMIS: 352535<\/strong><\/p>\n\n\n\n<p><strong>ANUN\u021a REZULTAT &nbsp;VERIFICARE&nbsp; ELIGIBILITATE&nbsp; \u0218I EVALUARE A&nbsp; DOSARELOR CANDIDA\u021aILOR<\/strong><\/p>\n\n\n\n<figure class=\"wp-block-table\"><table class=\"has-fixed-layout\"><tbody><tr><td rowspan=\"2\">Nr crt<\/td><td>CANDIDAT<\/td><td rowspan=\"2\">POST &nbsp; (denumire)<\/td><td colspan=\"2\">PUNCTAJ<\/td><\/tr><tr><td>Nr.\u00eenregistrare dosar<\/td><td>Evaluare dosar<\/td><td>ADMIS \/ RESPINS<\/td><\/tr><tr><td>1<\/td><td>380\/04.03.2026\/<\/td><td>SO_Asistent manager<\/td><td>95,00<\/td><td>ADMIS<\/td><\/tr><tr><td>2<\/td><td>410\/09.03.2026\/<\/td><td>SO_Responsabil financiar<\/td><td>94,33<\/td><td>ADMIS<\/td><\/tr><tr><td>3<\/td><td>393\/06.03.2026\/<\/td><td>SO_Responsabil achizi\u021bii<\/td><td>92,66<\/td><td>ADMIS<\/td><\/tr><tr><td>4<\/td><td>396\/06.03.2026\/<\/td><td>SO_Responsabil achizi\u021bii<\/td><td>87,66<\/td><td>ADMIS<\/td><\/tr><tr><td>5<\/td><td>429\/10.03.2026\/<\/td><td>SO_ Expert monitorizare \u0219i raportare tehnic\u0103 proiect<\/td><td>97,00<\/td><td>ADMIS<\/td><\/tr><tr><td>6<\/td><td>398\/06.03.2026\/<\/td><td>SO_ Expert validare \u0219i integrare date<\/td><td>94,66<\/td><td>ADMIS<\/td><\/tr><tr><td>7<\/td><td>447\/11.03.2026\/<\/td><td>SO_ Expert Responsabil formare zona de Est<\/td><td>98,66<\/td><td>ADMIS<\/td><\/tr><tr><td>8<\/td><td>434\/10.03.2026\/<\/td><td>SO_ Expert Responsabil formare zona de Centru<\/td><td>98,66<\/td><td>ADMIS<\/td><\/tr><tr><td>9<\/td><td>Nu a fost depus niciun dosar<\/td><td>SO_ Expert Responsabil formare zona de Sud<\/td><td>&#8211;<\/td><td>&#8211;<\/td><\/tr><tr><td>10<\/td><td>Nu a fost depus niciun dosar<\/td><td>SO_ Expert Responsabil formare zona de Vest<\/td><td>&#8211;<\/td><td>&#8211;<\/td><\/tr><tr><td>11<\/td><td>430\/10.03.2026\/<\/td><td>SO_ Specialist suport formare regiunea dezvoltata Bucuresti- Ilfov<\/td><td>95,66<\/td><td>ADMIS<\/td><\/tr><tr><td>12<\/td><td>360\/.02.03.2026\/<\/td><td>SO_ Specialist suport formare zona de Est<\/td><td>95,66<\/td><td>ADMIS<\/td><\/tr><tr><td>13<\/td><td>440\/11.03.2026\/I<\/td><td>SO_ Specialist suport formare zona de Centru<\/td><td>95,66<\/td><td>ADMIS<\/td><\/tr><tr><td>14<\/td><td>432\/10.03.2026\/<\/td><td>SO_ Specialist suport formare zona de Sud<\/td><td>95,66<\/td><td>ADMIS<\/td><\/tr><tr><td>15<\/td><td>437\/11.03.2026\/<\/td><td>SO_ Specialist suport formare zona de Vest<\/td><td>95,66<\/td><td>ADMIS<\/td><\/tr><\/tbody><\/table><\/figure>\n\n\n\n<p>* Candida\u021bii care au depus&nbsp; dosarele pentru \u00eenscrierea la procesul de recrutare \u0219i selec\u021bie prin alte metode&nbsp; alternative, au obliga\u0163ia de a se prezenta la secretarul comisiei cu documentele \u00een original, pentru certificarea acestora, p\u00e2n\u0103 la data de 19.03.2026, ora 08.30. Nerespectarea termenului limit\u0103 precizat atrage automat&nbsp; respingerea dosarului candidatului.<\/p>\n\n\n\n<p><strong>&nbsp;Proba interviu se va desf\u0103\u0219ura \u00een data de 19.03.2026, ora 09.00 la sediul INTS, sala de curs, etaj 4, corp A, \u00een ordinea men\u021bionat\u0103 mai sus.Fiecare candidat va avea la dispozi\u021bie 20 minute.<\/strong><\/p>\n\n\n\n<p><strong>SECRETAR COMISIE DE CONCURS<\/strong><\/p>\n","protected":false},"excerpt":{"rendered":"<p>Adresa oficial\u0103 \u00een format Adobe PDF se poate desc\u0103rca de aici. PROGRAMUL S\u0102N\u0102TATE Obiectivul de politic\u0103 4: O Europ\u0103 mai social\u0103 \u0219i incluziv\u0103 prin implementarea Pilonului european al drepturilor sociale&hellip; <\/p>\n","protected":false},"author":1,"featured_media":621,"parent":0,"menu_order":0,"comment_status":"closed","ping_status":"closed","template":"","meta":{"footnotes":""},"class_list":["post-665","page","type-page","status-publish","has-post-thumbnail","hentry"],"_links":{"self":[{"href":"https:\/\/www.ints.ro\/site\/wp-json\/wp\/v2\/pages\/665","targetHints":{"allow":["GET"]}}],"collection":[{"href":"https:\/\/www.ints.ro\/site\/wp-json\/wp\/v2\/pages"}],"about":[{"href":"https:\/\/www.ints.ro\/site\/wp-json\/wp\/v2\/types\/page"}],"author":[{"embeddable":true,"href":"https:\/\/www.ints.ro\/site\/wp-json\/wp\/v2\/users\/1"}],"replies":[{"embeddable":true,"href":"https:\/\/www.ints.ro\/site\/wp-json\/wp\/v2\/comments?post=665"}],"version-history":[{"count":1,"href":"https:\/\/www.ints.ro\/site\/wp-json\/wp\/v2\/pages\/665\/revisions"}],"predecessor-version":[{"id":668,"href":"https:\/\/www.ints.ro\/site\/wp-json\/wp\/v2\/pages\/665\/revisions\/668"}],"wp:featuredmedia":[{"embeddable":true,"href":"https:\/\/www.ints.ro\/site\/wp-json\/wp\/v2\/media\/621"}],"wp:attachment":[{"href":"https:\/\/www.ints.ro\/site\/wp-json\/wp\/v2\/media?parent=665"}],"curies":[{"name":"wp","href":"https:\/\/api.w.org\/{rel}","templated":true}]}}