{"id":661,"date":"2026-03-13T13:24:42","date_gmt":"2026-03-13T11:24:42","guid":{"rendered":"https:\/\/www.ints.ro\/site\/?page_id=661"},"modified":"2026-03-13T13:24:42","modified_gmt":"2026-03-13T11:24:42","slug":"erata-2","status":"publish","type":"page","link":"https:\/\/www.ints.ro\/site\/erata-2\/","title":{"rendered":"Erat\u0103"},"content":{"rendered":"\n<p><em>Anun\u021bul oficial \u00een format Adobe PDF, \u00eel pute\u021bi desc\u0103rca<\/em> de <a href=\"https:\/\/www.ints.ro\/site\/wp-content\/uploads\/2026\/03\/erata.pdf\">aici<\/a>.<\/p>\n\n\n\n<figure class=\"wp-block-image size-full\"><img loading=\"lazy\" decoding=\"async\" width=\"623\" height=\"126\" src=\"https:\/\/www.ints.ro\/site\/wp-content\/uploads\/2026\/02\/sigla1.jpg\" alt=\"\" class=\"wp-image-621\" srcset=\"https:\/\/www.ints.ro\/site\/wp-content\/uploads\/2026\/02\/sigla1.jpg 623w, https:\/\/www.ints.ro\/site\/wp-content\/uploads\/2026\/02\/sigla1-300x61.jpg 300w\" sizes=\"auto, (max-width: 623px) 100vw, 623px\" \/><\/figure>\n\n\n\n<p class=\"has-text-align-right\"><strong>Data: <\/strong><strong>25.02.2026<\/strong><\/p>\n\n\n\n<p>&nbsp;&nbsp;&nbsp;&nbsp;&nbsp;&nbsp; La anun\u021bul cu privire la concursul de organizare recrutare \u0219i selec\u021bie personal pe posturi \u00eenfiin\u021bate \u00een afara organigramei institutului na\u021bional de transfuzie sanguin\u0103 \u201cprof. dr. c.t. nicolau\u201d<\/p>\n\n\n\n<p>pentru desf\u0103\u0219urarea de activit\u0103\u021bi<\/p>\n\n\n\n<p>\u00een cadrul proiectului cu finan\u021bare extern\u0103 nerambursabil\u0103<\/p>\n\n\n\n<p>Program S\u0103n\u0103tate, FSE+ \/ cod SMIS 352535<\/p>\n\n\n\n<p><strong>\u00eenregistrat sub nr. 263\/25.02.2026, s-au constatat urm\u0103toarele erori materiale, motiv pentru care se impun urm\u0103toarele preciz\u0103ri:<\/strong><\/p>\n\n\n\n<p><strong>&nbsp;&nbsp;&nbsp;&nbsp;&nbsp; &nbsp;&nbsp;&nbsp;&nbsp;&nbsp;&nbsp;&nbsp;&nbsp;&nbsp;&nbsp;&nbsp;<u>&nbsp;\u00cen loc de<\/u><\/strong><strong><u>:<\/u><\/strong><\/p>\n\n\n\n<figure class=\"wp-block-table\"><table class=\"has-fixed-layout\"><tbody><tr><td><strong>4<\/strong><strong><\/strong><\/td><td>Expert monitorizare \u0219i raportare tehnic\u0103 proiect<strong><\/strong><\/td><\/tr><tr><td colspan=\"2\"><strong>Durata angaj\u0103rii<\/strong><strong><\/strong><\/td><\/tr><tr><td colspan=\"2\">maxim 34 luni<\/td><\/tr><tr><td colspan=\"2\">42 ore\/ lun\u0103, conform cerin\u021belor \u0219i necesit\u0103\u021bilor Contractului de finantare<\/td><\/tr><tr><td colspan=\"2\">prestarea activit\u0103\u021bii se va face la Sediul de implementare al Proiectului din cadrul Institutului Na\u021bional de Transfuzie Sanguin\u0103 \u201eProf. Dr. C.T. Nicolau\u201e<\/td><\/tr><\/tbody><\/table><\/figure>\n\n\n\n<figure class=\"wp-block-table\"><table class=\"has-fixed-layout\"><tbody><tr><td><strong>5<\/strong><strong><\/strong><\/td><td>Expert validare \u0219i integrare date<strong><\/strong><\/td><\/tr><tr><td colspan=\"2\"><strong>Durata angaj\u0103rii<\/strong><strong><\/strong><\/td><\/tr><tr><td colspan=\"2\">maxim 34 luni<\/td><\/tr><tr><td colspan=\"2\">42 ore\/ lun\u0103, conform cerin\u021belor \u0219i necesit\u0103\u021bilor Contractului de finantare<\/td><\/tr><tr><td colspan=\"2\">prestarea activit\u0103\u021bii se va face la Sediul de implementare al Proiectului din cadrul Institutului Na\u021bional de Transfuzie Sanguin\u0103 \u201eProf. Dr. C.T. Nicolau\u201e<\/td><\/tr><\/tbody><\/table><\/figure>\n\n\n\n<p><strong><u>Se va citi<\/u><\/strong><strong><u>:<\/u><\/strong><\/p>\n\n\n\n<figure class=\"wp-block-table\"><table class=\"has-fixed-layout\"><tbody><tr><td><strong>4<\/strong><strong><\/strong><\/td><td>Expert monitorizare \u0219i raportare tehnic\u0103 proiect<strong><\/strong><\/td><\/tr><tr><td colspan=\"2\"><strong>Durata angaj\u0103rii<\/strong><strong><\/strong><\/td><\/tr><tr><td colspan=\"2\">maxim 34 luni<\/td><\/tr><tr><td colspan=\"2\">63 ore\/ lun\u0103, conform cerin\u021belor \u0219i necesit\u0103\u021bilor Contractului de finantare<\/td><\/tr><tr><td colspan=\"2\">prestarea activit\u0103\u021bii se va face la Sediul de implementare al Proiectului din cadrul Institutului Na\u021bional de Transfuzie Sanguin\u0103 \u201eProf. Dr. C.T. Nicolau\u201e<\/td><\/tr><\/tbody><\/table><\/figure>\n\n\n\n<figure class=\"wp-block-table\"><table class=\"has-fixed-layout\"><tbody><tr><td><strong>5<\/strong><strong><\/strong><\/td><td>Expert validare \u0219i integrare date<strong><\/strong><\/td><\/tr><tr><td colspan=\"2\"><strong>Durata angaj\u0103rii<\/strong><strong><\/strong><\/td><\/tr><tr><td colspan=\"2\">maxim 34 luni<\/td><\/tr><tr><td colspan=\"2\">63 ore\/ lun\u0103, conform cerin\u021belor \u0219i necesit\u0103\u021bilor Contractului de finantare<\/td><\/tr><tr><td colspan=\"2\">prestarea activit\u0103\u021bii se va face la Sediul de implementare al Proiectului din cadrul Institutului Na\u021bional de Transfuzie Sanguin\u0103 \u201eProf. Dr. C.T. Nicolau\u201e<\/td><\/tr><\/tbody><\/table><\/figure>\n\n\n\n<p><strong>SECRETAR COMISIE CONCURS<\/strong><\/p>\n","protected":false},"excerpt":{"rendered":"<p>Anun\u021bul oficial \u00een format Adobe PDF, \u00eel pute\u021bi desc\u0103rca de aici. Data: 25.02.2026 &nbsp;&nbsp;&nbsp;&nbsp;&nbsp;&nbsp; La anun\u021bul cu privire la concursul de organizare recrutare \u0219i selec\u021bie personal pe posturi \u00eenfiin\u021bate \u00een&hellip; <\/p>\n","protected":false},"author":1,"featured_media":621,"parent":0,"menu_order":0,"comment_status":"closed","ping_status":"closed","template":"","meta":{"footnotes":""},"class_list":["post-661","page","type-page","status-publish","has-post-thumbnail","hentry"],"_links":{"self":[{"href":"https:\/\/www.ints.ro\/site\/wp-json\/wp\/v2\/pages\/661","targetHints":{"allow":["GET"]}}],"collection":[{"href":"https:\/\/www.ints.ro\/site\/wp-json\/wp\/v2\/pages"}],"about":[{"href":"https:\/\/www.ints.ro\/site\/wp-json\/wp\/v2\/types\/page"}],"author":[{"embeddable":true,"href":"https:\/\/www.ints.ro\/site\/wp-json\/wp\/v2\/users\/1"}],"replies":[{"embeddable":true,"href":"https:\/\/www.ints.ro\/site\/wp-json\/wp\/v2\/comments?post=661"}],"version-history":[{"count":1,"href":"https:\/\/www.ints.ro\/site\/wp-json\/wp\/v2\/pages\/661\/revisions"}],"predecessor-version":[{"id":663,"href":"https:\/\/www.ints.ro\/site\/wp-json\/wp\/v2\/pages\/661\/revisions\/663"}],"wp:featuredmedia":[{"embeddable":true,"href":"https:\/\/www.ints.ro\/site\/wp-json\/wp\/v2\/media\/621"}],"wp:attachment":[{"href":"https:\/\/www.ints.ro\/site\/wp-json\/wp\/v2\/media?parent=661"}],"curies":[{"name":"wp","href":"https:\/\/api.w.org\/{rel}","templated":true}]}}