{"id":59,"date":"2023-11-30T15:26:49","date_gmt":"2023-11-30T13:26:49","guid":{"rendered":"https:\/\/ints.ro\/site\/?page_id=59"},"modified":"2024-09-13T09:34:17","modified_gmt":"2024-09-13T07:34:17","slug":"de-ce-sa-donez","status":"publish","type":"page","link":"https:\/\/www.ints.ro\/site\/de-ce-sa-donez\/","title":{"rendered":"De ce s\u0103 donez?"},"content":{"rendered":"\n<p>S\u00e2ngele donat poate trata \u00een fiecare an un milion de pacienti.<br>Volumul de s\u00e2nge este de aproximativ 5-6 litri pentru un adult, dar variaza \u00een functie de sex, greutatete si \u015fi inaltime. Sangele este mentinut in permanenta miscare intr-o retea de vase sanguine-artere, vene-care impanzesc tot organismul pentru a putea transporta oxigenul si substantele vitale nutritive in tesuturi si pentru a indeparta acele substante nocive care, acumulandu-se, ar putea deveni otravitoare.<\/p>\n\n\n\n<p><strong>Plasm\u0103<\/strong><br>Plasma sanguin\u0103 reprezint\u0103 aproximativ 55\u201360% din s\u00e2nge \u015fi este format\u0103 din aproximativ 90% ap\u0103, 1% substan\u0163e anorganice (s\u0103ruri minerale care con\u0163in ioni dintre care mai importan\u0163i sunt cei de sodiu Na, clor, Cl, potasiu, K, magneziu, Mg, fosfor, P \u015fi calciu Ca) \u015fi aproximativ 9% substan\u0163e organice (proteine, glucide, lipide etc).<br>Proteinele din plasm\u0103 pe l\u00e2ng\u0103 rolul de transport, mai joac\u0103 un rol important \u00een ap\u0103rarea organismului prin sistemul imunologic, \u00een procesul de coagulare a s\u00e2ngelui ,rolul de tampon \u00een men\u0163inerea unui pH constant \u015fi men\u0163inerea constant\u0103 a presiunii osmotice din s\u00e2nge. Plasma se utilizeaza in afectiunile care se soldeaza cu afectarea factorilor de coagulare din sange : afectiuni hepatice,arsuri si altele.<br>Multe medicamente sunt fabricate din plasm\u0103.<br>Este nevoie continua de sange datorita perioadei scazute de viata a componentelor sale.<br>Timpul de stocare al produselor din s\u00e2nge:<\/p>\n\n\n\n<h4 class=\"wp-block-heading\">Trei tipuri de celule coexist\u0103 \u00een s\u00e2nge: celule rosii (eritrocite), celule albe (leucocite) si trombocite.<\/h4>\n\n\n\n<p><strong>Globulele rosii<\/strong>&nbsp;pot fi stocate pentru 42 de zile la 2 \u00b0 C \u015fi 6 \u00b0 C.<br><strong>Trombocitele<\/strong>&nbsp;pot fi stocate timp de 5 zile cu agitare continua la 22 \u00b0 C.<br><strong>Plasm\u0103&nbsp;<\/strong>congelat\u0103 la \u2013 25 \u00b0 C are o durata de viata de un an.<\/p>\n\n\n\n<p><strong>Celulele rosii din sange \u2013 eritrocitele<\/strong><\/p>\n\n\n\n<p>Eritrocitele sunt cele mai numeroase celule din sange, principala functie constand in transportul oxigenului de la plaman la tesuturi si transferul dioxidului de carbon de la tesuturi la plaman. Acest lucru se realizeaza prin intermediul hemoglobinei continute in eritrocite.<br>Boala cea mai frecventa care afectaza eritrocitele este anemia.<br>De aceea eritrocitele sunt utilizate \u00een tratamentul anemiei care apare cel mai frecvent in sangerari acute din interventiile chirurgicale,traumatisme , hemoragii gastro-intestinale, nasteri si alte afectiuni soldate cu pierderi mari de sange.<br>De asemenea eritocitele sunt utilizate in tratamentul anemiei indusa de chimioterapie sau in anemiile din afectiuni cronice. .<\/p>\n\n\n\n<p><strong>Celulele albe din s\u00e2nge \u2013 leucocitele<\/strong><\/p>\n\n\n\n<p>Ele sunt mai mari si mai putin numeroase si au rol \u00een ap\u0103rarea organismului \u00eempotriva agentilor externi (bacterii, virusuri, paraziti)<\/p>\n\n\n\n<p><strong>Trombocitele<\/strong><\/p>\n\n\n\n<p>Cele mai mici celule din corp sunt trombocitele, care sunt create pentru un singur scop \u2013 pentru a incepe procesul coagularii, cand un vas de sange este sectionat sau rupt.<br>Imediat ce o artera sau o vena este ranita, trombocitele din zona incep sa se uneasca intre ele, si de marginea plagii creeand trombusul care impiedica pierderea sangelui.<br>Ele sunt utilizate in tratamentul de substitutie in aplaziile medulare din leucemii, post chimioterapie, trombocitemii etc.<\/p>\n\n\n\n<p><strong>Donarea de sange in Romania este voluntara si anonima si este o ocazie foarte buna pentru donator sa afle daca este s\u0103n\u0103tos:<\/strong><\/p>\n\n\n\n<ul class=\"wp-block-list\">\n<li>Beneficiezi gratuit de o mini-evaluare medicala &#8211; masurarea greutatii, a tensiunii arteriale, pulsului si a temperaturii.<\/li>\n\n\n\n<li>Ti se va face un set de analize care iti ofera informatie valoroasa despre starea ta de sanatate (ca de exemplu, daca ai anemie sau daca ai probleme cu glicemia sau cu ficatul), precum si daca ai anumite boli infectioase, care atunci cand sunt diagnosticate devreme (cand inca nu se manifesta cu simptome) pot fi tratate mult mai eficient &#8211; ca de exemplu, hepatita cronica virala B sau C, sifilis sau infectia HIV.<\/li>\n\n\n\n<li>Iti vei afla grupa de sange si daca esti Rh pozitiv sau negativ.<\/li>\n\n\n\n<li>In plus, poti beneficia o data pe an de un set complet gratuit de analize de biochimie efectuate cu cele mai avangardiste echipamente \u0219i reactivi de pe mapamond.<\/li>\n<\/ul>\n\n\n\n<figure class=\"wp-block-gallery has-nested-images columns-default is-cropped wp-block-gallery-1 is-layout-flex wp-block-gallery-is-layout-flex\">\n<figure class=\"wp-block-image size-large\"><img loading=\"lazy\" decoding=\"async\" width=\"1024\" height=\"586\" data-id=\"320\" src=\"https:\/\/www.ints.ro\/site\/wp-content\/uploads\/2024\/09\/IMG_4669-1024x586.jpg\" alt=\"\" class=\"wp-image-320\" srcset=\"https:\/\/www.ints.ro\/site\/wp-content\/uploads\/2024\/09\/IMG_4669-1024x586.jpg 1024w, https:\/\/www.ints.ro\/site\/wp-content\/uploads\/2024\/09\/IMG_4669-300x172.jpg 300w, https:\/\/www.ints.ro\/site\/wp-content\/uploads\/2024\/09\/IMG_4669-768x439.jpg 768w, https:\/\/www.ints.ro\/site\/wp-content\/uploads\/2024\/09\/IMG_4669-1536x879.jpg 1536w, https:\/\/www.ints.ro\/site\/wp-content\/uploads\/2024\/09\/IMG_4669-2048x1172.jpg 2048w\" sizes=\"auto, (max-width: 1024px) 100vw, 1024px\" \/><\/figure>\n\n\n\n<figure class=\"wp-block-image size-large\"><img loading=\"lazy\" decoding=\"async\" width=\"1024\" height=\"579\" data-id=\"319\" src=\"https:\/\/www.ints.ro\/site\/wp-content\/uploads\/2024\/09\/IMG_4670-1024x579.jpg\" alt=\"\" class=\"wp-image-319\" srcset=\"https:\/\/www.ints.ro\/site\/wp-content\/uploads\/2024\/09\/IMG_4670-1024x579.jpg 1024w, https:\/\/www.ints.ro\/site\/wp-content\/uploads\/2024\/09\/IMG_4670-300x170.jpg 300w, https:\/\/www.ints.ro\/site\/wp-content\/uploads\/2024\/09\/IMG_4670-768x434.jpg 768w, https:\/\/www.ints.ro\/site\/wp-content\/uploads\/2024\/09\/IMG_4670-1536x868.jpg 1536w, https:\/\/www.ints.ro\/site\/wp-content\/uploads\/2024\/09\/IMG_4670-2048x1158.jpg 2048w\" sizes=\"auto, (max-width: 1024px) 100vw, 1024px\" \/><\/figure>\n\n\n\n<figure class=\"wp-block-image size-large\"><img loading=\"lazy\" decoding=\"async\" width=\"1024\" height=\"566\" data-id=\"322\" src=\"https:\/\/www.ints.ro\/site\/wp-content\/uploads\/2024\/09\/IMG_4671-1024x566.jpg\" alt=\"\" class=\"wp-image-322\" srcset=\"https:\/\/www.ints.ro\/site\/wp-content\/uploads\/2024\/09\/IMG_4671-1024x566.jpg 1024w, https:\/\/www.ints.ro\/site\/wp-content\/uploads\/2024\/09\/IMG_4671-300x166.jpg 300w, https:\/\/www.ints.ro\/site\/wp-content\/uploads\/2024\/09\/IMG_4671-768x425.jpg 768w, https:\/\/www.ints.ro\/site\/wp-content\/uploads\/2024\/09\/IMG_4671-1536x849.jpg 1536w, https:\/\/www.ints.ro\/site\/wp-content\/uploads\/2024\/09\/IMG_4671-2048x1132.jpg 2048w\" sizes=\"auto, (max-width: 1024px) 100vw, 1024px\" \/><\/figure>\n\n\n\n<figure class=\"wp-block-image size-large\"><img loading=\"lazy\" decoding=\"async\" width=\"1024\" height=\"532\" data-id=\"321\" src=\"https:\/\/www.ints.ro\/site\/wp-content\/uploads\/2024\/09\/IMG_4673-1024x532.jpg\" alt=\"\" class=\"wp-image-321\" srcset=\"https:\/\/www.ints.ro\/site\/wp-content\/uploads\/2024\/09\/IMG_4673-1024x532.jpg 1024w, https:\/\/www.ints.ro\/site\/wp-content\/uploads\/2024\/09\/IMG_4673-300x156.jpg 300w, https:\/\/www.ints.ro\/site\/wp-content\/uploads\/2024\/09\/IMG_4673-768x399.jpg 768w, https:\/\/www.ints.ro\/site\/wp-content\/uploads\/2024\/09\/IMG_4673-1536x798.jpg 1536w, https:\/\/www.ints.ro\/site\/wp-content\/uploads\/2024\/09\/IMG_4673-2048x1063.jpg 2048w\" sizes=\"auto, (max-width: 1024px) 100vw, 1024px\" \/><\/figure>\n\n\n\n<figure class=\"wp-block-image size-large\"><img loading=\"lazy\" decoding=\"async\" width=\"1024\" height=\"714\" data-id=\"323\" src=\"https:\/\/www.ints.ro\/site\/wp-content\/uploads\/2024\/09\/IMG_4674-1024x714.jpg\" alt=\"\" class=\"wp-image-323\" srcset=\"https:\/\/www.ints.ro\/site\/wp-content\/uploads\/2024\/09\/IMG_4674-1024x714.jpg 1024w, https:\/\/www.ints.ro\/site\/wp-content\/uploads\/2024\/09\/IMG_4674-300x209.jpg 300w, https:\/\/www.ints.ro\/site\/wp-content\/uploads\/2024\/09\/IMG_4674-768x535.jpg 768w, https:\/\/www.ints.ro\/site\/wp-content\/uploads\/2024\/09\/IMG_4674-1536x1071.jpg 1536w, https:\/\/www.ints.ro\/site\/wp-content\/uploads\/2024\/09\/IMG_4674-2048x1428.jpg 2048w\" sizes=\"auto, (max-width: 1024px) 100vw, 1024px\" \/><\/figure>\n\n\n\n<figure class=\"wp-block-image size-large\"><img loading=\"lazy\" decoding=\"async\" width=\"1024\" height=\"749\" data-id=\"324\" src=\"https:\/\/www.ints.ro\/site\/wp-content\/uploads\/2024\/09\/IMG_4676-1024x749.jpg\" alt=\"\" class=\"wp-image-324\" srcset=\"https:\/\/www.ints.ro\/site\/wp-content\/uploads\/2024\/09\/IMG_4676-1024x749.jpg 1024w, https:\/\/www.ints.ro\/site\/wp-content\/uploads\/2024\/09\/IMG_4676-300x219.jpg 300w, https:\/\/www.ints.ro\/site\/wp-content\/uploads\/2024\/09\/IMG_4676-768x562.jpg 768w, https:\/\/www.ints.ro\/site\/wp-content\/uploads\/2024\/09\/IMG_4676-1536x1124.jpg 1536w, https:\/\/www.ints.ro\/site\/wp-content\/uploads\/2024\/09\/IMG_4676-2048x1498.jpg 2048w\" sizes=\"auto, (max-width: 1024px) 100vw, 1024px\" \/><\/figure>\n\n\n\n<figure class=\"wp-block-image size-large\"><img loading=\"lazy\" decoding=\"async\" width=\"1024\" height=\"563\" data-id=\"325\" src=\"https:\/\/www.ints.ro\/site\/wp-content\/uploads\/2024\/09\/IMG_4678-1024x563.jpg\" alt=\"\" class=\"wp-image-325\" srcset=\"https:\/\/www.ints.ro\/site\/wp-content\/uploads\/2024\/09\/IMG_4678-1024x563.jpg 1024w, https:\/\/www.ints.ro\/site\/wp-content\/uploads\/2024\/09\/IMG_4678-300x165.jpg 300w, https:\/\/www.ints.ro\/site\/wp-content\/uploads\/2024\/09\/IMG_4678-768x422.jpg 768w, https:\/\/www.ints.ro\/site\/wp-content\/uploads\/2024\/09\/IMG_4678-1536x844.jpg 1536w, https:\/\/www.ints.ro\/site\/wp-content\/uploads\/2024\/09\/IMG_4678-2048x1126.jpg 2048w\" sizes=\"auto, (max-width: 1024px) 100vw, 1024px\" \/><\/figure>\n\n\n\n<figure class=\"wp-block-image size-large\"><img loading=\"lazy\" decoding=\"async\" width=\"1024\" height=\"949\" data-id=\"326\" src=\"https:\/\/www.ints.ro\/site\/wp-content\/uploads\/2024\/09\/IMG_4679-1024x949.jpg\" alt=\"\" class=\"wp-image-326\" srcset=\"https:\/\/www.ints.ro\/site\/wp-content\/uploads\/2024\/09\/IMG_4679-1024x949.jpg 1024w, https:\/\/www.ints.ro\/site\/wp-content\/uploads\/2024\/09\/IMG_4679-300x278.jpg 300w, https:\/\/www.ints.ro\/site\/wp-content\/uploads\/2024\/09\/IMG_4679-768x712.jpg 768w, https:\/\/www.ints.ro\/site\/wp-content\/uploads\/2024\/09\/IMG_4679-1536x1423.jpg 1536w, https:\/\/www.ints.ro\/site\/wp-content\/uploads\/2024\/09\/IMG_4679-2048x1898.jpg 2048w\" sizes=\"auto, (max-width: 1024px) 100vw, 1024px\" \/><\/figure>\n\n\n\n<figure class=\"wp-block-image size-large\"><img loading=\"lazy\" decoding=\"async\" width=\"1024\" height=\"697\" data-id=\"327\" src=\"https:\/\/www.ints.ro\/site\/wp-content\/uploads\/2024\/09\/IMG_4680-1024x697.jpg\" alt=\"\" class=\"wp-image-327\" srcset=\"https:\/\/www.ints.ro\/site\/wp-content\/uploads\/2024\/09\/IMG_4680-1024x697.jpg 1024w, https:\/\/www.ints.ro\/site\/wp-content\/uploads\/2024\/09\/IMG_4680-300x204.jpg 300w, https:\/\/www.ints.ro\/site\/wp-content\/uploads\/2024\/09\/IMG_4680-768x523.jpg 768w, https:\/\/www.ints.ro\/site\/wp-content\/uploads\/2024\/09\/IMG_4680-1536x1045.jpg 1536w, https:\/\/www.ints.ro\/site\/wp-content\/uploads\/2024\/09\/IMG_4680-2048x1394.jpg 2048w\" sizes=\"auto, (max-width: 1024px) 100vw, 1024px\" \/><\/figure>\n<\/figure>\n\n\n\n<p><\/p>\n","protected":false},"excerpt":{"rendered":"<p>S\u00e2ngele donat poate trata \u00een fiecare an un milion de pacienti.Volumul de s\u00e2nge este de aproximativ 5-6 litri pentru un adult, dar variaza \u00een functie de sex, greutatete si \u015fi&hellip; <\/p>\n","protected":false},"author":1,"featured_media":0,"parent":0,"menu_order":0,"comment_status":"closed","ping_status":"closed","template":"","meta":{"footnotes":""},"class_list":["post-59","page","type-page","status-publish","hentry"],"_links":{"self":[{"href":"https:\/\/www.ints.ro\/site\/wp-json\/wp\/v2\/pages\/59","targetHints":{"allow":["GET"]}}],"collection":[{"href":"https:\/\/www.ints.ro\/site\/wp-json\/wp\/v2\/pages"}],"about":[{"href":"https:\/\/www.ints.ro\/site\/wp-json\/wp\/v2\/types\/page"}],"author":[{"embeddable":true,"href":"https:\/\/www.ints.ro\/site\/wp-json\/wp\/v2\/users\/1"}],"replies":[{"embeddable":true,"href":"https:\/\/www.ints.ro\/site\/wp-json\/wp\/v2\/comments?post=59"}],"version-history":[{"count":2,"href":"https:\/\/www.ints.ro\/site\/wp-json\/wp\/v2\/pages\/59\/revisions"}],"predecessor-version":[{"id":328,"href":"https:\/\/www.ints.ro\/site\/wp-json\/wp\/v2\/pages\/59\/revisions\/328"}],"wp:attachment":[{"href":"https:\/\/www.ints.ro\/site\/wp-json\/wp\/v2\/media?parent=59"}],"curies":[{"name":"wp","href":"https:\/\/api.w.org\/{rel}","templated":true}]}}