{"id":462,"date":"2025-04-24T08:39:42","date_gmt":"2025-04-24T06:39:42","guid":{"rendered":"https:\/\/www.ints.ro\/site\/?page_id=462"},"modified":"2025-04-24T08:45:05","modified_gmt":"2025-04-24T06:45:05","slug":"prelucarea-datelor-cu-caracter-personal-prin-intermediul-cctv","status":"publish","type":"page","link":"https:\/\/www.ints.ro\/site\/prelucarea-datelor-cu-caracter-personal-prin-intermediul-cctv\/","title":{"rendered":"Prelucarea datelor cu caracter personal prin intermediul CCTV"},"content":{"rendered":"\n<figure class=\"wp-block-image size-large\"><img loading=\"lazy\" decoding=\"async\" width=\"1024\" height=\"567\" src=\"https:\/\/www.ints.ro\/site\/wp-content\/uploads\/2025\/04\/222-1024x567.jpg\" alt=\"\" class=\"wp-image-466\" srcset=\"https:\/\/www.ints.ro\/site\/wp-content\/uploads\/2025\/04\/222-1024x567.jpg 1024w, https:\/\/www.ints.ro\/site\/wp-content\/uploads\/2025\/04\/222-300x166.jpg 300w, https:\/\/www.ints.ro\/site\/wp-content\/uploads\/2025\/04\/222-768x425.jpg 768w, https:\/\/www.ints.ro\/site\/wp-content\/uploads\/2025\/04\/222.jpg 1280w\" sizes=\"auto, (max-width: 1024px) 100vw, 1024px\" \/><\/figure>\n\n\n\n<p><strong>1. Scopul prelucr\u0103rii prin mijloace video<\/strong><\/p>\n\n\n\n<p>INTS prelucreaz\u0103 date cu caracter personal, respectiv imaginea, prin intermediul sistemelor video \u00een scopul&nbsp;<em>monitoriz\u0103rii accesului persoanelor \u00een institu\u021bie, al asigur\u0103rii securit\u0103\u021bii spa\u021biilor \u0219i bunurilor institu\u021biei, precum \u0219i al siguran\u021bei persoanelor aflate \u00een sediul institu\u021biei.<\/em><\/p>\n\n\n\n<p>INTS utilizeaz\u0103 subsistemul de supraveghere video pentru asigurarea siguran\u021bei \u0219i securit\u0103\u021bii \u00een incinta sa. Acest subsistem vine \u00een completarea subsistemelor de detec\u021bie \u0219i alarmare la tentativa de efrac\u021bie, de control acces, de detec\u021bie, semnalizare \u0219i alarmare la incendiu, form\u00e2nd astfel un sistem integrat la securitate fizic\u0103. Astfel, subsistemele de televiziune \u00een circuit \u00eenchis func\u021bioneaz\u0103 \u00een rela\u021bie de colaborare cu celelalte subsisteme enumerate mai sus, asigur\u00e2nd elementul de monitorizare \u00een timp real \u0219i posibilitatea de vizualizare post-eveniment precum \u0219i \u00eenregistrare, afi\u0219area \u0219i transmisia video c\u0103tre diverse persoane desemnate ca utilizatori ai subsistemului de supraveghere.<\/p>\n\n\n\n<p><strong>2. Condi\u021bii de legitimitate<\/strong><\/p>\n\n\n\n<p>Prelucrarea datelor cu caracter personal prin utilizarea mijloacelor de supraveghere video, instalarea \u0219i utilizarea sub aspect tehnic a echipamentelor \u0219i elementelor componente ale sistemului de supraveghere video se realizeaz\u0103&nbsp; \u00een conformitate cu prevederile legale \u00een domeniu:<\/p>\n\n\n\n<ul class=\"wp-block-list\">\n<li>Regulamentul nr. 679\/2016 privind protec\u021bia persoanelor \u00een ceea ce prive\u0219te prelucrarea datelor cu caracter personal \u0219i libera circula\u021bie a acestor date \u0219i de abrogare a Directivei 95\/46\/CE (Regulamentul general privind protec\u021bia datelor &#8211; RGPD);<\/li>\n\n\n\n<li>Legea nr. 190\/2018 privind m\u0103suri de punere \u00een aplicare a Regulamentului (UE) 2016\/679 al Parlamentului European \u0219i al Consiliului din 27 aprilie 2016 privind protec\u021bia persoanelor fizice \u00een ceea ce prive\u0219te prelucrarea datelor cu caracter personal \u0219i privind libera circula\u021bie a acestor date \u0219i de abrogare a Directivei 95\/46\/CE (Regulamentul general privind protec\u021bia datelor)<\/li>\n\n\n\n<li>Legea nr. 333\/2003 privind paza obiectivelor, bunurilor, valorilor \u0219i protec\u021bia persoanelor, republicat\u0103, cu modific\u0103rile \u0219i complet\u0103rile ulterioare,<\/li>\n\n\n\n<li>Normele metodologice de aplicare a Legii nr. 333\/2003, aprobate prin HG nr. 301\/2012, cu modific\u0103rile \u0219i complet\u0103rile ulterioare.<\/li>\n<\/ul>\n\n\n\n<p><strong>3. Zonele monitorizate<\/strong><\/p>\n\n\n\n<p>Amplasarea camerelor de supraveghere a fost realizat\u0103 \u00een conformitate cu legisla\u021bia \u00een vigoare \u0219i \u00een baza proiectelor tehnice elaborate de societ\u0103\u021bi specializate \u0219i avizate de Inspectoratul de Poli\u021bie a Municipiului Bucure\u0219ti, Serviciul de Ordine Public\u0103.<\/p>\n\n\n\n<p>Nu sunt monitorizate zonele \u00een care exist\u0103 un nivel ridicat al a\u0219tept\u0103rilor privind via\u021ba privat\u0103 (birouri \u00een care publicul nu are&nbsp; acces, toalete \u0219i alte loca\u021bii similare). &nbsp;\u00cen mod excep\u021bional, \u00een cazul unor necesit\u0103\u021bi \u00een materie de securitate justificate \u00een mod corespunz\u0103tor, se pot instala camere \u00een birourile \u00een care angaja\u021bii \u00ee\u0219i desf\u0103\u0219oar\u0103 activitatea (casierii) si dup\u0103 consultarea Responsabilului cu protec\u021bia datelor.<\/p>\n\n\n\n<p><strong>4. Protejarea vie\u021bii private \u0219i securitatea informa\u021biilor<\/strong><\/p>\n\n\n\n<p>Pentru a proteja securitatea sistemului video \u0219i pentru a spori gradul de protec\u021bie a vie\u021bii, au fost introduse urm\u0103toarele m\u0103suri tehnice \u0219i organizatorice:<\/p>\n\n\n\n<ul class=\"wp-block-list\">\n<li>limitarea timpului de stocare a materialului filmat, \u00een conformitate cu cerin\u021bele de securitate;<\/li>\n\n\n\n<li>mediile de stocare (\u00eenregistratoare video digitale) se afl\u0103 \u00een spa\u021bii securizate, protejate de m\u0103suri de securitate fizic\u0103;<\/li>\n\n\n\n<li>to\u021bi utilizatorii cu drept de acces au semnat procedurile GDPR prin care se oblig\u0103 s\u0103 respecte prevederile legale \u00een domeniul prelucr\u0103rii datelor cu caracter personal;<\/li>\n\n\n\n<li>dreptul de acces se acord\u0103 utilizatorilor doar pentru acele resurse care sunt strict necesare pentru \u00eendeplinirea atribu\u021biilor de serviciu;<\/li>\n\n\n\n<li>persoana care are dreptul de a acorda, modifica sau anula dreptul de acces al utilizatorilor, conform procedurii de acces la bazele de date, este&nbsp; administratorul de sistem, desemnat \u00een acest sens de operator;<\/li>\n\n\n\n<li>administratorul\/responsabilul de sistem de securitate fizic\u0103 desemnat \u00een acest sens \u021bine \u00een permanen\u021b\u0103 o list\u0103 actualizat\u0103 a tuturor persoanelor care au drept de acces la sistemul de supraveghere video, cu specificarea tipului de acces;<\/li>\n\n\n\n<li>responsabilul cu protec\u021bia datelor personale va fi consultat \u00eenainte de instalarea oric\u0103rui nou&nbsp; sistem video.<\/li>\n<\/ul>\n\n\n\n<p>Totodat\u0103, s-a avut \u00een vedere prevenirea unei prelucr\u0103ri ilegale de date cu caracter personal sau&nbsp; accesul neautorizat la datele respective.<\/p>\n\n\n\n<p><strong>5. Accesul la datele cu caracter personal colectate prin intermediul sistemului de supraveghere video<\/strong><\/p>\n\n\n\n<p>Accesul la imaginile video \u00eenregistrate \u0219i transmise \u00een direct sunt limitate la un num\u0103r redus de persoane (angaja\u021bi ai institu\u021biei) care pot fi identificate \u00een mod clar \u0219i este determinat prin atribu\u021biile specificate \u00een fi\u0219a postului (\u00een ce scop \u0219i ce tip de acces).<\/p>\n\n\n\n<p>Accesul la materialul filmat \u0219i\/sau la arhitectura tehnic\u0103 a sistemului video este limitat la un num\u0103r redus de persoane care pot fi identificate \u00een mod clar \u0219i este determinat prin atribu\u021biile specificate \u00een fi\u0219a postului (\u00een ce scop \u0219i ce tip de acces).<\/p>\n\n\n\n<p>INTS impune limite \u00een privin\u021ba persoanelor care au dreptul s\u0103 copieze, s\u0103 descarce, s\u0103 \u0219tearg\u0103 sau s\u0103 modifice orice material filmat.<\/p>\n\n\n\n<p>To\u021bi membrii personalului cu drept de acces la \u00eenregistr\u0103rile video beneficiaz\u0103 de o instruire ini\u021bial\u0103 \u00een domeniul protec\u021biei datelor. Instruirea este oferit\u0103 fiec\u0103rui nou membru al personalului, urm\u00e2nd ca atelierele periodice pe teme privind protec\u021bia datelor s\u0103 fie organizate cel pu\u021bin o dat\u0103 la doi ani pentru to\u021bi membrii personalului care au drept de acces la date.<\/p>\n\n\n\n<p>Orice \u00eenc\u0103lcare a securit\u0103\u021bii \u00een ceea ce prive\u0219te subsistemul de supraveghere video va fi indicat\u0103 \u00een&nbsp;<strong><em>Registrul incidentelor de securitate<\/em>,<\/strong>&nbsp;iar Responsabilul cu protec\u021bia datelor este informat \u00een leg\u0103tur\u0103 cu acest lucru, f\u0103r\u0103 \u00eent\u00e2rzieri nejustificate, \u00een termen de cel mult 12 ore.<\/p>\n\n\n\n<p>Sistemul de supraveghere video nu este utilizat pentru verificarea prezen\u021bei la program sau evaluarea performan\u021bei la locul de munc\u0103.<\/p>\n\n\n\n<p>\u00cen cazuri excep\u021bionale, dar cu respectarea garan\u021biilor descrise mai sus, se poate acorda acces Comisiei de cercetare disciplinar\u0103 \u00een cadrul unei anchete disciplinare, cu condi\u021bia ca informa\u021biile s\u0103 ajute la investigarea unei infrac\u021biuni sau a unei abateri disciplinare de natur\u0103 s\u0103 prejudicieze drepturile \u0219i libert\u0103\u021bile unei persoane.<\/p>\n\n\n\n<p><strong>6. Dezv\u0103luirea datelor cu caracter personal colectate prin intermediul sistemului de supraveghere video<\/strong><\/p>\n\n\n\n<p>Informa\u021biile \u00eenregistrate prin sistemele de supraveghere video sunt destinate utiliz\u0103rii de c\u0103tre INTS &nbsp;\u00een scopul&nbsp;<em>monitoriz\u0103rii accesului persoanelor \u00een institu\u021bie, al asigur\u0103rii securit\u0103\u021bii spa\u021biilor \u0219i bunurilor institu\u021biei, precum \u0219i al siguran\u021bei persoanelor aflate \u00een sediul institu\u021biei<\/em>&nbsp;\u0219i sunt puse la dispozi\u021bia organelor judiciare \u0219i a altor institu\u021bii abilitate de lege s\u0103 solicite aceste informa\u021bii, la cererea expres\u0103 a acestora.<\/p>\n\n\n\n<p>Orice activitate de transfer \u0219i dezv\u0103luire a datelor personale c\u0103tre ter\u021bi abilita\u021bi legal, va fi documentat\u0103 \u0219i supus\u0103 unei evalu\u0103ri riguroase privind necesitatea comunic\u0103rii \u0219i compatibilitatea dintre scopul \u00een care se face comunicarea \u0219i scopul \u00een care aceste date au fost colectate ini\u021bial pentru prelucrare (de securitate \u0219i control acces). \u00cen aceste cazuri va fi consultat \u0219i Responsabilul cu protec\u021bia datelor desemnat la nivelul operatorului de date.<\/p>\n\n\n\n<p><strong>7. Durata de stocare<\/strong><\/p>\n\n\n\n<p>Durata de stocare a datelor ob\u021binute prin intermediul sistemului de supraveghere video este propor\u021bional\u0103 cu scopul pentru care se prelucreaz\u0103 datele \u0219i este \u00een conformitate cu prevederile legale.<\/p>\n\n\n\n<p>La expirarea perioadei de stocare datele se \u0219terg prin procedur\u0103 automat\u0103 \u00een ordinea \u00een care au fost \u00eenregistrate.<\/p>\n\n\n\n<p>\u00cen cazul producerii unui incident de securitate, precum \u0219i \u00een cazuri temeinic justificate, durata de p\u0103strare a materialului filmat relevant poate dep\u0103\u0219i limitele normale \u00een func\u021bie de timpul necesar investig\u0103rii suplimentare a incidentului de securitate.<\/p>\n\n\n\n<p><strong>8. Drepturile persoanei vizate<\/strong><\/p>\n\n\n\n<p>INTS &nbsp;garanteaz\u0103 c\u0103 asigur\u0103 respectarea drepturilor ce revin persoanelor vizate, conform Regulamentului nr. 679\/2016 privind protec\u021bia persoanelor fizice \u00een ceea ce prive\u0219te prelucrarea datelor cu caracter personal \u0219i privind libera circula\u021bie a acestor date \u0219i de abrogare a Directivei 95\/46\/CE.<\/p>\n\n\n\n<p>Toate persoanele implicate \u00een activitatea de supraveghere video \u0219i cele responsabile de administrarea imaginilor filmate vor respecta procedura de acces la date cu caracter personal.<\/p>\n\n\n\n<p>Informarea persoanelor vizate se realizeaz\u0103 \u00een mod clar \u0219i permanent prin intermediul unui semn adecvat, cu vizibilitate suficient\u0103 \u0219i localizat \u00een zona supravegheat\u0103, astfel \u00eenc\u00e2t s\u0103 semnaleze existen\u021ba camerelor de supraveghere \u0219i pentru a comunica informa\u021biile esen\u021biale privind prelucrarea datelor cu caracter personal.<\/p>\n\n\n\n<p>\u00cen conformitate cu dispozi\u0163iile Regulamentului nr. 679\/2016 persoana vizat\u0103 are urm\u0103toarele drepturi:<\/p>\n\n\n\n<ul class=\"wp-block-list\">\n<li>dreptul de acces,<\/li>\n\n\n\n<li>dreptul la rectificare,<\/li>\n\n\n\n<li>dreptul la \u0219tergerea datelor (\u201edreptul de a fi uitat\u201d),<\/li>\n\n\n\n<li>dreptul la restric\u021bionarea prelucr\u0103rii,<\/li>\n\n\n\n<li>dreptul la portabilitatea datelor,<\/li>\n\n\n\n<li>dreptul la opozi\u021bie,<\/li>\n\n\n\n<li>dreptul de a nu face obiectul unei decizii bazate exclusiv pe prelucrare automat\u0103, inclusiv crearea de profiluri.<\/li>\n<\/ul>\n\n\n\n<p>Pentru exercitarea drepturilor men\u021bionate mai sus&nbsp; persoana vizat\u0103 trebuie s\u0103 transmit\u0103 a cerere \u00eentocmit\u0103 \u00een form\u0103 scris\u0103, datat\u0103 \u0219i semnat\u0103 la adresa:&nbsp;I.N.T.S. din Bucure\u0219ti, str. Constantin Caraca\u0219 nr. 2-8, Sector 1, Bucure\u0219ti, Cod po\u0219tal 011155 sau prin e-mail:&nbsp;secretariat@donare-sange.ro.<\/p>\n\n\n\n<p>Responsabilului cu Protec\u021bia Datelor (DPO) prin intermediul serviciilor po\u0219tale la adresa: I.N.T.S. din Bucure\u0219ti, str. Constantin Caraca\u0219 nr. 2-8, Sector 1, Bucure\u0219ti, Cod po\u0219tal 011155 sau &nbsp;e-mail: &nbsp;dataprotection@donare-sange.ro<\/p>\n\n\n\n<p>De asemenea, potrivit Regulamentului general privind protec\u021bia datelor, persoana vizat\u0103 are dreptul de a depune pl\u00e2ngere (art. 77) la&nbsp;<a href=\"https:\/\/www.dataprotection.ro\/\" target=\"_blank\" rel=\"noreferrer noopener\">Autoritatea Na\u021bional\u0103 de Supraveghere a Prelucr\u0103rii Datelor cu Caracter Personal<\/a>&nbsp;la sediul acesteia din B-dul G-ral Gheorghe Magheru nr. 28-30, sector 1, Bucure\u0219ti, cod po\u0219tal 0103336, e-mail:&nbsp;<a href=\"mailto:anspdcp@dataprotection.ro\">anspdcp@dataprotection.ro<\/a>&nbsp;sau de a se adresa justi\u021biei (art. 79).<\/p>\n","protected":false},"excerpt":{"rendered":"<p>1. Scopul prelucr\u0103rii prin mijloace video INTS prelucreaz\u0103 date cu caracter personal, respectiv imaginea, prin intermediul sistemelor video \u00een scopul&nbsp;monitoriz\u0103rii accesului persoanelor \u00een institu\u021bie, al asigur\u0103rii securit\u0103\u021bii spa\u021biilor \u0219i bunurilor&hellip; <\/p>\n","protected":false},"author":1,"featured_media":466,"parent":0,"menu_order":0,"comment_status":"closed","ping_status":"closed","template":"","meta":{"footnotes":""},"class_list":["post-462","page","type-page","status-publish","has-post-thumbnail","hentry"],"_links":{"self":[{"href":"https:\/\/www.ints.ro\/site\/wp-json\/wp\/v2\/pages\/462","targetHints":{"allow":["GET"]}}],"collection":[{"href":"https:\/\/www.ints.ro\/site\/wp-json\/wp\/v2\/pages"}],"about":[{"href":"https:\/\/www.ints.ro\/site\/wp-json\/wp\/v2\/types\/page"}],"author":[{"embeddable":true,"href":"https:\/\/www.ints.ro\/site\/wp-json\/wp\/v2\/users\/1"}],"replies":[{"embeddable":true,"href":"https:\/\/www.ints.ro\/site\/wp-json\/wp\/v2\/comments?post=462"}],"version-history":[{"count":2,"href":"https:\/\/www.ints.ro\/site\/wp-json\/wp\/v2\/pages\/462\/revisions"}],"predecessor-version":[{"id":468,"href":"https:\/\/www.ints.ro\/site\/wp-json\/wp\/v2\/pages\/462\/revisions\/468"}],"wp:featuredmedia":[{"embeddable":true,"href":"https:\/\/www.ints.ro\/site\/wp-json\/wp\/v2\/media\/466"}],"wp:attachment":[{"href":"https:\/\/www.ints.ro\/site\/wp-json\/wp\/v2\/media?parent=462"}],"curies":[{"name":"wp","href":"https:\/\/api.w.org\/{rel}","templated":true}]}}