{"id":2,"date":"2023-11-30T10:32:13","date_gmt":"2023-11-30T10:32:13","guid":{"rendered":"https:\/\/ints.ro\/site\/?page_id=2"},"modified":"2026-03-05T19:35:00","modified_gmt":"2026-03-05T17:35:00","slug":"pagina-exemplu","status":"publish","type":"page","link":"https:\/\/www.ints.ro\/site\/","title":{"rendered":"F\u0103r\u0103 donatori, mul\u021bi bolnavi nu ar mai fi \u00een via\u021b\u0103 ast\u0103zi !"},"content":{"rendered":"\n<figure class=\"wp-block-image size-full\"><img loading=\"lazy\" decoding=\"async\" width=\"628\" height=\"372\" src=\"https:\/\/www.ints.ro\/site\/wp-content\/uploads\/2026\/03\/martisor.jpg\" alt=\"\" class=\"wp-image-653\" srcset=\"https:\/\/www.ints.ro\/site\/wp-content\/uploads\/2026\/03\/martisor.jpg 628w, https:\/\/www.ints.ro\/site\/wp-content\/uploads\/2026\/03\/martisor-300x178.jpg 300w\" sizes=\"auto, (max-width: 628px) 100vw, 628px\" \/><\/figure>\n\n\n\n<p><strong><em><a href=\"https:\/\/www.ints.ro\/?page_id=167\">F\u0103r\u0103 donatori, mul\u021bi bolnavi nu ar mai fi \u00een via\u021b\u0103 ast\u0103zi !<\/a><\/em><\/strong><\/p>\n\n\n\n<p>Deocamdat\u0103 nu s-a descoperit un \u00eenlocuitor al s\u00e2ngelui donarea fiind singura solu\u021bie pentru a putea face fa\u021b\u0103 nevoilor de s\u00e2nge. S\u00e2ngele \u0219i elementele s\u00e2ngelui sunt necesare terapeuticii transfuzionale. Medicii \u0219i chirurgii se bazeaz\u0103 pe donarea de s\u00e2nge pentru a efectua \u00een fiecare zi o serie de interven\u021bii care salveaz\u0103 sau prelungesc via\u021ba oamenilor. Astfel, putem afirma c\u0103 donarea de s\u00e2nge este darul vie\u021bii!<\/p>\n\n\n\n<p><a href=\"https:\/\/ro.wikipedia.org\/wiki\/Donare_de_s%C3%A2nge\">S\u00e2ngele donat<\/a>&nbsp;poate trata \u00een fiecare an un milion de pacienti.<\/p>\n\n\n\n<p>Volumul de s\u00e2nge este de aproximativ 5-6 litri pentru un adult, dar variaz\u0103 \u00een functie de sex, greutatete \u0219i \u00een\u0103l\u021bime. S\u00e2ngele este men\u021binut \u00een permanent\u0103 mi\u0219care \u00eentr-o re\u021bea de vase sanguine; artere \u0219i vene, care \u00eemp\u00e2nzesc tot organismul.<\/p>\n","protected":false},"excerpt":{"rendered":"<p>F\u0103r\u0103 donatori, mul\u021bi bolnavi nu ar mai fi \u00een via\u021b\u0103 ast\u0103zi ! Deocamdat\u0103 nu s-a descoperit un \u00eenlocuitor al s\u00e2ngelui donarea fiind singura solu\u021bie pentru a putea face fa\u021b\u0103 nevoilor&hellip; <\/p>\n","protected":false},"author":1,"featured_media":32,"parent":0,"menu_order":0,"comment_status":"closed","ping_status":"open","template":"","meta":{"footnotes":""},"class_list":["post-2","page","type-page","status-publish","has-post-thumbnail","hentry"],"_links":{"self":[{"href":"https:\/\/www.ints.ro\/site\/wp-json\/wp\/v2\/pages\/2","targetHints":{"allow":["GET"]}}],"collection":[{"href":"https:\/\/www.ints.ro\/site\/wp-json\/wp\/v2\/pages"}],"about":[{"href":"https:\/\/www.ints.ro\/site\/wp-json\/wp\/v2\/types\/page"}],"author":[{"embeddable":true,"href":"https:\/\/www.ints.ro\/site\/wp-json\/wp\/v2\/users\/1"}],"replies":[{"embeddable":true,"href":"https:\/\/www.ints.ro\/site\/wp-json\/wp\/v2\/comments?post=2"}],"version-history":[{"count":15,"href":"https:\/\/www.ints.ro\/site\/wp-json\/wp\/v2\/pages\/2\/revisions"}],"predecessor-version":[{"id":654,"href":"https:\/\/www.ints.ro\/site\/wp-json\/wp\/v2\/pages\/2\/revisions\/654"}],"wp:featuredmedia":[{"embeddable":true,"href":"https:\/\/www.ints.ro\/site\/wp-json\/wp\/v2\/media\/32"}],"wp:attachment":[{"href":"https:\/\/www.ints.ro\/site\/wp-json\/wp\/v2\/media?parent=2"}],"curies":[{"name":"wp","href":"https:\/\/api.w.org\/{rel}","templated":true}]}}