{"id":105,"date":"2023-11-30T16:08:14","date_gmt":"2023-11-30T14:08:14","guid":{"rendered":"https:\/\/ints.ro\/site\/?page_id=105"},"modified":"2023-11-30T16:10:05","modified_gmt":"2023-11-30T14:10:05","slug":"contact","status":"publish","type":"page","link":"https:\/\/www.ints.ro\/site\/contact\/","title":{"rendered":"CONTACT"},"content":{"rendered":"\n<p>Pentru informare public\u0103 direct\u0103, pentru solicit\u0103ri (peti\u021bii, sesiz\u0103ri sau reclama\u021bii) \u0219i pentru coresponden\u021b\u0103 divers\u0103 cu persoane fizice sau juridice, solicitan\u021bii se vor adresa institu\u021biei folosind datele de contact urm\u0103toare:<\/p>\n\n\n\n<p><strong>Institutul Na\u0163ional de Transfuzie Sanguin\u0103 \u201eProf. dr. C. T. Nicolau\u201d Bucuresti<br><\/strong>Str. Constantin Caraca\u015f nr. 2 \u2013 8, sector I, Bucure\u015fti<\/p>\n\n\n<p><iframe src=\"https:\/\/www.google.com\/maps\/embed?pb=!1m18!1m12!1m3!1d2847.992905045263!2d26.07787731535096!3d44.453816708308814!2m3!1f0!2f0!3f0!3m2!1i1024!2i768!4f13.1!3m3!1m2!1s0x40b2014aabeee069%3A0x14acf7faf4cf7f60!2sINHT!5e0!3m2!1sen!2sro!4v1662726166190!5m2!1sen!2sro\" width=\"600\" height=\"450\" style=\"border:0;\" allowfullscreen=\"\" loading=\"lazy\" referrerpolicy=\"no-referrer-when-downgrade\"><\/iframe><\/p>\n\n\n\n<p>Telefon central\u0103 telefonic\u0103: +4 031.405.3661<\/p>\n\n\n\n<p>Interioare central\u0103 telefonic\u0103:<\/p>\n\n\n\n<ul class=\"wp-block-list\">\n<li>206 \u2013 Program\u0103ri\/informa\u021bii analize \u0219i consulta\u021bii<\/li>\n\n\n\n<li>244 \u2013 Registratur\u0103<\/li>\n\n\n\n<li>233 \u2013 Birou Achizi\u021bii Publice<\/li>\n<\/ul>\n\n\n\n<p><br>Telefon secretariat Director General: + 4 031.405.3670; Fax: + 4 021.319.1779<br>e-mail:&nbsp;<img loading=\"lazy\" decoding=\"async\" width=\"330\" height=\"31\" src=\"https:\/\/www.ints.ro\/wp-content\/uploads\/2022\/09\/email.png\" alt=\"\" srcset=\"https:\/\/www.ints.ro\/wp-content\/uploads\/2022\/09\/email.png 330w, https:\/\/www.ints.ro\/wp-content\/uploads\/2022\/09\/email-300x28.png 300w\"><\/p>\n\n\n\n<p><strong>Site-uri web:<\/strong><br>institu\u021bie :<a href=\"https:\/\/www.ints.ro\/\">\u00a0https:\/\/www.ints.ro<\/a>\u00a0;<\/p>\n\n\n\n<p>informa\u021bii pentru donatorii de s\u00e2nge:&nbsp;<a href=\"https:\/\/www.donare-sange.ro\/\">https:\/\/www.donare-sange.ro<\/a>&nbsp;;<\/p>\n\n\n\n<p><strong>Ne pute\u021bi urm\u0103ri \u0219i pe social media:<\/strong><\/p>\n\n\n\n<p>Facebook:&nbsp;<a href=\"https:\/\/www.facebook.com\/donaresangeromania\">https:\/\/www.facebook.com\/donaresangeromania<\/a><\/p>\n\n\n\n<p>Youtube:&nbsp;<a href=\"https:\/\/www.youtube.com\/channel\/UCED1GCAOzxmplJ5IRc3CHuA\">https:\/\/www.youtube.com\/channel\/UCED1GCAOzxmplJ5IRc3CHuA<\/a><\/p>\n","protected":false},"excerpt":{"rendered":"<p>Pentru informare public\u0103 direct\u0103, pentru solicit\u0103ri (peti\u021bii, sesiz\u0103ri sau reclama\u021bii) \u0219i pentru coresponden\u021b\u0103 divers\u0103 cu persoane fizice sau juridice, solicitan\u021bii se vor adresa institu\u021biei folosind datele de contact urm\u0103toare: Institutul&hellip; <\/p>\n","protected":false},"author":1,"featured_media":0,"parent":0,"menu_order":0,"comment_status":"closed","ping_status":"closed","template":"","meta":{"footnotes":""},"class_list":["post-105","page","type-page","status-publish","hentry"],"_links":{"self":[{"href":"https:\/\/www.ints.ro\/site\/wp-json\/wp\/v2\/pages\/105","targetHints":{"allow":["GET"]}}],"collection":[{"href":"https:\/\/www.ints.ro\/site\/wp-json\/wp\/v2\/pages"}],"about":[{"href":"https:\/\/www.ints.ro\/site\/wp-json\/wp\/v2\/types\/page"}],"author":[{"embeddable":true,"href":"https:\/\/www.ints.ro\/site\/wp-json\/wp\/v2\/users\/1"}],"replies":[{"embeddable":true,"href":"https:\/\/www.ints.ro\/site\/wp-json\/wp\/v2\/comments?post=105"}],"version-history":[{"count":2,"href":"https:\/\/www.ints.ro\/site\/wp-json\/wp\/v2\/pages\/105\/revisions"}],"predecessor-version":[{"id":108,"href":"https:\/\/www.ints.ro\/site\/wp-json\/wp\/v2\/pages\/105\/revisions\/108"}],"wp:attachment":[{"href":"https:\/\/www.ints.ro\/site\/wp-json\/wp\/v2\/media?parent=105"}],"curies":[{"name":"wp","href":"https:\/\/api.w.org\/{rel}","templated":true}]}}